{"id":23,"date":"2023-12-13T17:47:46","date_gmt":"2023-12-13T14:47:46","guid":{"rendered":"https:\/\/voltecoenerji.com\/?page_id=23"},"modified":"2024-03-20T09:45:20","modified_gmt":"2024-03-20T06:45:20","slug":"ana-sayfa","status":"publish","type":"page","link":"https:\/\/voltecoenerji.com\/index.php\/ana-sayfa\/","title":{"rendered":"Hakk\u0131m\u0131zda"},"content":{"rendered":"\n<p><\/p>\n\n\n<div class=\"wp-block-image is-style-rounded\">\n<figure class=\"alignleft size-full is-resized\"><img loading=\"lazy\" decoding=\"async\" width=\"569\" height=\"314\" src=\"https:\/\/voltecoenerji.com\/wp-content\/uploads\/2023\/12\/arkaplanv1.png\" alt=\"VoltEco Enerji Sanayi Limited \u015eirketi olarak, deneyimli ve uzman kadrosuyla yenilenebilir enerji ve teknoloji alan\u0131 i\u00e7in do\u011fru, g\u00fcvenilir ve kaliteli hizmetler sunuyoruz. Ni\u011fde Teknopark b\u00fcnyesinde bulunan \u015firketimiz, akademik ve end\u00fcstriyel deneyimi birle\u015ftiren ekibi ile proje dan\u0131\u015fmanl\u0131\u011f\u0131 \u00a0ve e\u011fitimi ile ilgili \u00e7al\u0131\u015fmalar yapmay\u0131 hedeflemektedir.\u00a0\" class=\"wp-image-30\" style=\"width:477px;height:auto\" srcset=\"https:\/\/voltecoenerji.com\/wp-content\/uploads\/2023\/12\/arkaplanv1.png 569w, https:\/\/voltecoenerji.com\/wp-content\/uploads\/2023\/12\/arkaplanv1-300x166.png 300w\" sizes=\"auto, (max-width: 569px) 100vw, 569px\" \/><\/figure><\/div>\n\n\n<p class=\"has-text-align-center has-medium-font-size\">VoltEco Enerji Sanayi Limited \u015eirketi olarak, deneyimli ve uzman kadrosuyla yenilenebilir enerji ve teknoloji alan\u0131 i\u00e7in do\u011fru, g\u00fcvenilir ve kaliteli hizmetler sunuyoruz. Ni\u011fde Teknopark b\u00fcnyesinde bulunan \u015firketimiz, akademik ve end\u00fcstriyel deneyimi birle\u015ftiren ekibi ile proje dan\u0131\u015fmanl\u0131\u011f\u0131 ve e\u011fitimi ile ilgili \u00e7al\u0131\u015fmalar yapmay\u0131 hedeflemektedir.<\/p>\n","protected":false},"excerpt":{"rendered":"<p>VoltEco Enerji Sanayi Limited \u015eirketi olarak, deneyimli ve uzman kadrosuyla yenilenebilir enerji ve teknoloji alan\u0131 i\u00e7in do\u011fru, g\u00fcvenilir ve kaliteli hizmetler sunuyoruz. Ni\u011fde Teknopark b\u00fcnyesinde bulunan \u015firketimiz, akademik ve end\u00fcstriyel deneyimi birle\u015ftiren ekibi ile proje dan\u0131\u015fmanl\u0131\u011f\u0131 ve e\u011fitimi ile ilgili \u00e7al\u0131\u015fmalar yapmay\u0131 hedeflemektedir.<\/p>\n","protected":false},"author":1,"featured_media":0,"parent":0,"menu_order":4,"comment_status":"closed","ping_status":"closed","template":"","meta":{"om_disable_all_campaigns":false,"_monsterinsights_skip_tracking":false,"_monsterinsights_sitenote_active":false,"_monsterinsights_sitenote_note":"","_monsterinsights_sitenote_category":0,"_kad_post_transparent":"default","_kad_post_title":"","_kad_post_layout":"default","_kad_post_sidebar_id":"","_kad_post_content_style":"boxed","_kad_post_vertical_padding":"default","_kad_post_feature":"","_kad_post_feature_position":"","_kad_post_header":false,"_kad_post_footer":false,"footnotes":""},"class_list":["post-23","page","type-page","status-publish","hentry"],"aioseo_notices":[],"_links":{"self":[{"href":"https:\/\/voltecoenerji.com\/index.php\/wp-json\/wp\/v2\/pages\/23","targetHints":{"allow":["GET"]}}],"collection":[{"href":"https:\/\/voltecoenerji.com\/index.php\/wp-json\/wp\/v2\/pages"}],"about":[{"href":"https:\/\/voltecoenerji.com\/index.php\/wp-json\/wp\/v2\/types\/page"}],"author":[{"embeddable":true,"href":"https:\/\/voltecoenerji.com\/index.php\/wp-json\/wp\/v2\/users\/1"}],"replies":[{"embeddable":true,"href":"https:\/\/voltecoenerji.com\/index.php\/wp-json\/wp\/v2\/comments?post=23"}],"version-history":[{"count":11,"href":"https:\/\/voltecoenerji.com\/index.php\/wp-json\/wp\/v2\/pages\/23\/revisions"}],"predecessor-version":[{"id":124,"href":"https:\/\/voltecoenerji.com\/index.php\/wp-json\/wp\/v2\/pages\/23\/revisions\/124"}],"wp:attachment":[{"href":"https:\/\/voltecoenerji.com\/index.php\/wp-json\/wp\/v2\/media?parent=23"}],"curies":[{"name":"wp","href":"https:\/\/api.w.org\/{rel}","templated":true}]}}