{"id":2,"date":"2023-12-13T15:42:51","date_gmt":"2023-12-13T12:42:51","guid":{"rendered":"http:\/\/voltecoenerji.com\/?page_id=2"},"modified":"2024-04-04T13:56:06","modified_gmt":"2024-04-04T10:56:06","slug":"ornek-sayfa","status":"publish","type":"page","link":"https:\/\/voltecoenerji.com\/index.php\/ornek-sayfa\/","title":{"rendered":"Faaliyet Alanlar\u0131m\u0131z"},"content":{"rendered":"\n<p><\/p>\n\n\n\n<p><\/p>\n\n\n\n<p><\/p>\n\n\n\n<p><\/p>\n\n\n\n<p><\/p>\n\n\n\n<p><\/p>\n\n\n\n<p><\/p>\n\n\n\n<div class=\"wp-block-columns is-not-stacked-on-mobile is-layout-flex wp-container-core-columns-is-layout-9d6595d7 wp-block-columns-is-layout-flex\">\n<div class=\"wp-block-column is-layout-flow wp-block-column-is-layout-flow\">\n<p><\/p>\n\n\n\n<p><\/p>\n\n\n\n<p>Enerji projelerine y\u00f6nelik m\u00fchendislik ve dan\u0131\u015fma hizmeti.<\/p>\n<\/div>\n\n\n\n<div class=\"wp-block-column is-layout-flow wp-block-column-is-layout-flow\">\n<figure class=\"wp-block-image size-full\"><img loading=\"lazy\" decoding=\"async\" width=\"1000\" height=\"667\" src=\"https:\/\/voltecoenerji.com\/wp-content\/uploads\/2024\/03\/Services_Engineering-Consultancy.png\" alt=\"\" class=\"wp-image-148\" srcset=\"https:\/\/voltecoenerji.com\/wp-content\/uploads\/2024\/03\/Services_Engineering-Consultancy.png 1000w, https:\/\/voltecoenerji.com\/wp-content\/uploads\/2024\/03\/Services_Engineering-Consultancy-300x200.png 300w, https:\/\/voltecoenerji.com\/wp-content\/uploads\/2024\/03\/Services_Engineering-Consultancy-768x512.png 768w\" sizes=\"auto, (max-width: 1000px) 100vw, 1000px\" \/><\/figure>\n<\/div>\n<\/div>\n\n\n\n<div class=\"wp-block-columns is-not-stacked-on-mobile is-layout-flex wp-container-core-columns-is-layout-9d6595d7 wp-block-columns-is-layout-flex\">\n<div class=\"wp-block-column is-layout-flow wp-block-column-is-layout-flow\">\n<figure class=\"wp-block-image size-large\"><img loading=\"lazy\" decoding=\"async\" width=\"1024\" height=\"683\" src=\"https:\/\/voltecoenerji.com\/wp-content\/uploads\/2024\/03\/shutterstock_72500704.0.0-1024x683.jpg\" alt=\"\" class=\"wp-image-149\" srcset=\"https:\/\/voltecoenerji.com\/wp-content\/uploads\/2024\/03\/shutterstock_72500704.0.0-1024x683.jpg 1024w, https:\/\/voltecoenerji.com\/wp-content\/uploads\/2024\/03\/shutterstock_72500704.0.0-300x200.jpg 300w, https:\/\/voltecoenerji.com\/wp-content\/uploads\/2024\/03\/shutterstock_72500704.0.0-768x512.jpg 768w, https:\/\/voltecoenerji.com\/wp-content\/uploads\/2024\/03\/shutterstock_72500704.0.0.jpg 1200w\" sizes=\"auto, (max-width: 1024px) 100vw, 1024px\" \/><\/figure>\n<\/div>\n\n\n\n<div class=\"wp-block-column is-layout-flow wp-block-column-is-layout-flow\">\n<p><\/p>\n\n\n\n<p><\/p>\n\n\n\n<p>Arazi GES ve \u00c7at\u0131 GES kurulumlar\u0131.<\/p>\n\n\n\n<p><\/p>\n\n\n\n<p><\/p>\n\n\n\n<p><\/p>\n<\/div>\n<\/div>\n\n\n\n<div class=\"wp-block-columns is-not-stacked-on-mobile is-layout-flex wp-container-core-columns-is-layout-9d6595d7 wp-block-columns-is-layout-flex\">\n<div class=\"wp-block-column is-layout-flow wp-block-column-is-layout-flow\">\n<p><\/p>\n\n\n\n<p><\/p>\n\n\n\n<p>Teknoloji ve e\u011fitim alanlar\u0131nda yaz\u0131l\u0131m geli\u015ftirilmesi.<\/p>\n<\/div>\n\n\n\n<div class=\"wp-block-column is-layout-flow wp-block-column-is-layout-flow\">\n<figure class=\"wp-block-image size-full\"><img loading=\"lazy\" decoding=\"async\" width=\"800\" height=\"427\" src=\"https:\/\/voltecoenerji.com\/wp-content\/uploads\/2024\/03\/Top-6-Software-Development-Methodologies.jpg\" alt=\"\" class=\"wp-image-150\" srcset=\"https:\/\/voltecoenerji.com\/wp-content\/uploads\/2024\/03\/Top-6-Software-Development-Methodologies.jpg 800w, https:\/\/voltecoenerji.com\/wp-content\/uploads\/2024\/03\/Top-6-Software-Development-Methodologies-300x160.jpg 300w, https:\/\/voltecoenerji.com\/wp-content\/uploads\/2024\/03\/Top-6-Software-Development-Methodologies-768x410.jpg 768w\" sizes=\"auto, (max-width: 800px) 100vw, 800px\" \/><\/figure>\n<\/div>\n<\/div>\n\n\n\n<div class=\"wp-block-columns is-not-stacked-on-mobile is-layout-flex wp-container-core-columns-is-layout-9d6595d7 wp-block-columns-is-layout-flex\">\n<div class=\"wp-block-column is-layout-flow wp-block-column-is-layout-flow\">\n<figure class=\"wp-block-image size-full\"><img loading=\"lazy\" decoding=\"async\" width=\"720\" height=\"356\" src=\"https:\/\/voltecoenerji.com\/wp-content\/uploads\/2024\/03\/whatis.jpg\" alt=\"\" class=\"wp-image-151\" srcset=\"https:\/\/voltecoenerji.com\/wp-content\/uploads\/2024\/03\/whatis.jpg 720w, https:\/\/voltecoenerji.com\/wp-content\/uploads\/2024\/03\/whatis-300x148.jpg 300w\" sizes=\"auto, (max-width: 720px) 100vw, 720px\" \/><\/figure>\n<\/div>\n\n\n\n<div class=\"wp-block-column is-layout-flow wp-block-column-is-layout-flow\">\n<p><\/p>\n\n\n\n<p>Network kurulumu.<\/p>\n<\/div>\n<\/div>\n\n\n\n<div class=\"wp-block-columns is-not-stacked-on-mobile is-layout-flex wp-container-core-columns-is-layout-9d6595d7 wp-block-columns-is-layout-flex\">\n<div class=\"wp-block-column is-layout-flow wp-block-column-is-layout-flow\">\n<p><\/p>\n\n\n\n<p><\/p>\n\n\n\n<p>Server kurulumu ve deste\u011fi.<\/p>\n<\/div>\n\n\n\n<div class=\"wp-block-column is-layout-flow wp-block-column-is-layout-flow\">\n<figure class=\"wp-block-image size-large\"><img loading=\"lazy\" decoding=\"async\" width=\"1024\" height=\"576\" src=\"https:\/\/voltecoenerji.com\/wp-content\/uploads\/2024\/03\/dedicated-server-2-1024x576.jpg\" alt=\"\" class=\"wp-image-154\" srcset=\"https:\/\/voltecoenerji.com\/wp-content\/uploads\/2024\/03\/dedicated-server-2-1024x576.jpg 1024w, https:\/\/voltecoenerji.com\/wp-content\/uploads\/2024\/03\/dedicated-server-2-300x169.jpg 300w, https:\/\/voltecoenerji.com\/wp-content\/uploads\/2024\/03\/dedicated-server-2-768x432.jpg 768w, https:\/\/voltecoenerji.com\/wp-content\/uploads\/2024\/03\/dedicated-server-2.jpg 1138w\" sizes=\"auto, (max-width: 1024px) 100vw, 1024px\" \/><\/figure>\n<\/div>\n<\/div>\n\n\n\n<div class=\"wp-block-columns is-not-stacked-on-mobile is-layout-flex wp-container-core-columns-is-layout-9d6595d7 wp-block-columns-is-layout-flex\">\n<div class=\"wp-block-column is-layout-flow wp-block-column-is-layout-flow\">\n<figure class=\"wp-block-image size-large\"><img loading=\"lazy\" decoding=\"async\" width=\"1024\" height=\"683\" src=\"https:\/\/voltecoenerji.com\/wp-content\/uploads\/2024\/03\/iStock-1088363552-1024x683.jpg\" alt=\"\" class=\"wp-image-155\" srcset=\"https:\/\/voltecoenerji.com\/wp-content\/uploads\/2024\/03\/iStock-1088363552-1024x683.jpg 1024w, https:\/\/voltecoenerji.com\/wp-content\/uploads\/2024\/03\/iStock-1088363552-300x200.jpg 300w, https:\/\/voltecoenerji.com\/wp-content\/uploads\/2024\/03\/iStock-1088363552-768x512.jpg 768w, https:\/\/voltecoenerji.com\/wp-content\/uploads\/2024\/03\/iStock-1088363552.jpg 1536w\" sizes=\"auto, (max-width: 1024px) 100vw, 1024px\" \/><\/figure>\n<\/div>\n\n\n\n<div class=\"wp-block-column is-layout-flow wp-block-column-is-layout-flow\">\n<p><\/p>\n\n\n\n<p><\/p>\n\n\n\n<p>Yedekleme ve felaket senaryolar\u0131.<\/p>\n<\/div>\n<\/div>\n\n\n\n<div class=\"wp-block-columns is-not-stacked-on-mobile is-layout-flex wp-container-core-columns-is-layout-9d6595d7 wp-block-columns-is-layout-flex\">\n<div class=\"wp-block-column is-layout-flow wp-block-column-is-layout-flow\">\n<p><\/p>\n\n\n\n<p><\/p>\n\n\n\n<p>Enerji ve yaz\u0131l\u0131m alanlar\u0131nda e\u011fitimler.<\/p>\n<\/div>\n\n\n\n<div class=\"wp-block-column is-layout-flow wp-block-column-is-layout-flow\">\n<figure class=\"wp-block-image size-full\"><img loading=\"lazy\" decoding=\"async\" width=\"1000\" height=\"500\" src=\"https:\/\/voltecoenerji.com\/wp-content\/uploads\/2024\/03\/Pros-and-Cons-of-Using-Education-Technology.png\" alt=\"\" class=\"wp-image-156\" srcset=\"https:\/\/voltecoenerji.com\/wp-content\/uploads\/2024\/03\/Pros-and-Cons-of-Using-Education-Technology.png 1000w, https:\/\/voltecoenerji.com\/wp-content\/uploads\/2024\/03\/Pros-and-Cons-of-Using-Education-Technology-300x150.png 300w, https:\/\/voltecoenerji.com\/wp-content\/uploads\/2024\/03\/Pros-and-Cons-of-Using-Education-Technology-768x384.png 768w\" sizes=\"auto, (max-width: 1000px) 100vw, 1000px\" \/><\/figure>\n<\/div>\n<\/div>\n","protected":false},"excerpt":{"rendered":"<p>Enerji projelerine y\u00f6nelik m\u00fchendislik ve dan\u0131\u015fma hizmeti. Arazi GES ve \u00c7at\u0131 GES kurulumlar\u0131. Teknoloji ve e\u011fitim alanlar\u0131nda yaz\u0131l\u0131m geli\u015ftirilmesi. Network kurulumu. Server kurulumu ve deste\u011fi. Yedekleme ve felaket senaryolar\u0131. Enerji ve yaz\u0131l\u0131m alanlar\u0131nda e\u011fitimler.<\/p>\n","protected":false},"author":1,"featured_media":0,"parent":0,"menu_order":1,"comment_status":"closed","ping_status":"closed","template":"","meta":{"om_disable_all_campaigns":false,"_monsterinsights_skip_tracking":false,"_monsterinsights_sitenote_active":false,"_monsterinsights_sitenote_note":"","_monsterinsights_sitenote_category":0,"_kad_post_transparent":"","_kad_post_title":"","_kad_post_layout":"","_kad_post_sidebar_id":"","_kad_post_content_style":"","_kad_post_vertical_padding":"","_kad_post_feature":"","_kad_post_feature_position":"","_kad_post_header":false,"_kad_post_footer":false,"footnotes":"[]"},"class_list":["post-2","page","type-page","status-publish","hentry"],"aioseo_notices":[],"_links":{"self":[{"href":"https:\/\/voltecoenerji.com\/index.php\/wp-json\/wp\/v2\/pages\/2","targetHints":{"allow":["GET"]}}],"collection":[{"href":"https:\/\/voltecoenerji.com\/index.php\/wp-json\/wp\/v2\/pages"}],"about":[{"href":"https:\/\/voltecoenerji.com\/index.php\/wp-json\/wp\/v2\/types\/page"}],"author":[{"embeddable":true,"href":"https:\/\/voltecoenerji.com\/index.php\/wp-json\/wp\/v2\/users\/1"}],"replies":[{"embeddable":true,"href":"https:\/\/voltecoenerji.com\/index.php\/wp-json\/wp\/v2\/comments?post=2"}],"version-history":[{"count":8,"href":"https:\/\/voltecoenerji.com\/index.php\/wp-json\/wp\/v2\/pages\/2\/revisions"}],"predecessor-version":[{"id":169,"href":"https:\/\/voltecoenerji.com\/index.php\/wp-json\/wp\/v2\/pages\/2\/revisions\/169"}],"wp:attachment":[{"href":"https:\/\/voltecoenerji.com\/index.php\/wp-json\/wp\/v2\/media?parent=2"}],"curies":[{"name":"wp","href":"https:\/\/api.w.org\/{rel}","templated":true}]}}